{"id":354,"date":"2023-09-26T11:27:09","date_gmt":"2023-09-26T09:27:09","guid":{"rendered":"http:\/\/www.ysromanit.com\/?page_id=354"},"modified":"2024-04-06T19:46:23","modified_gmt":"2024-04-06T17:46:23","slug":"toiminta-2","status":"publish","type":"page","link":"https:\/\/www.ysromanit.com\/index.php\/toiminta-2\/","title":{"rendered":"TOIMINTA"},"content":{"rendered":"\t\t<div data-elementor-type=\"wp-page\" data-elementor-id=\"354\" class=\"elementor elementor-354\">\n\t\t\t\t\t\t\t\t\t<section class=\"elementor-section elementor-top-section elementor-element elementor-element-z7arlgt elementor-section-height-min-height elementor-section-boxed elementor-section-height-default elementor-section-items-middle\" data-id=\"z7arlgt\" data-element_type=\"section\" data-settings=\"{&quot;background_background&quot;:&quot;classic&quot;}\">\n\t\t\t\t\t\t\t<div class=\"elementor-background-overlay\"><\/div>\n\t\t\t\t\t\t\t<div class=\"elementor-container elementor-column-gap-default\">\n\t\t\t\t\t<div class=\"elementor-column elementor-col-100 elementor-top-column elementor-element elementor-element-09faee3\" data-id=\"09faee3\" data-element_type=\"column\">\n\t\t\t<div class=\"elementor-widget-wrap\">\n\t\t\t\t\t\t\t\t\t<\/div>\n\t\t<\/div>\n\t\t\t\t\t\t\t<\/div>\n\t\t<\/section>\n\t\t\t\t<section class=\"elementor-section elementor-top-section elementor-element elementor-element-zxd60f2 elementor-section-boxed elementor-section-height-default elementor-section-height-default\" data-id=\"zxd60f2\" data-element_type=\"section\" data-settings=\"{&quot;background_background&quot;:&quot;classic&quot;}\">\n\t\t\t\t\t\t<div class=\"elementor-container elementor-column-gap-default\">\n\t\t\t\t\t<div class=\"elementor-column elementor-col-100 elementor-top-column elementor-element elementor-element-82668e3\" data-id=\"82668e3\" data-element_type=\"column\">\n\t\t\t<div class=\"elementor-widget-wrap elementor-element-populated\">\n\t\t\t\t\t\t\t\t<div class=\"elementor-element elementor-element-6f56962 elementor-widget elementor-widget-spacer\" data-id=\"6f56962\" data-element_type=\"widget\" data-widget_type=\"spacer.default\">\n\t\t\t\t<div class=\"elementor-widget-container\">\n\t\t\t<style>\/*! elementor - v3.15.0 - 20-08-2023 *\/\n.elementor-column .elementor-spacer-inner{height:var(--spacer-size)}.e-con{--container-widget-width:100%}.e-con-inner>.elementor-widget-spacer,.e-con>.elementor-widget-spacer{width:var(--container-widget-width,var(--spacer-size));--align-self:var(--container-widget-align-self,initial);--flex-shrink:0}.e-con-inner>.elementor-widget-spacer>.elementor-widget-container,.e-con-inner>.elementor-widget-spacer>.elementor-widget-container>.elementor-spacer,.e-con>.elementor-widget-spacer>.elementor-widget-container,.e-con>.elementor-widget-spacer>.elementor-widget-container>.elementor-spacer{height:100%}.e-con-inner>.elementor-widget-spacer>.elementor-widget-container>.elementor-spacer>.elementor-spacer-inner,.e-con>.elementor-widget-spacer>.elementor-widget-container>.elementor-spacer>.elementor-spacer-inner{height:var(--container-widget-height,var(--spacer-size))}<\/style>\t\t<div class=\"elementor-spacer\">\n\t\t\t<div class=\"elementor-spacer-inner\"><\/div>\n\t\t<\/div>\n\t\t\t\t<\/div>\n\t\t\t\t<\/div>\n\t\t\t\t<div class=\"elementor-element elementor-element-2449e1e elementor-widget elementor-widget-heading\" data-id=\"2449e1e\" data-element_type=\"widget\" data-widget_type=\"heading.default\">\n\t\t\t\t<div class=\"elementor-widget-container\">\n\t\t\t<style>\/*! elementor - v3.15.0 - 20-08-2023 *\/\n.elementor-heading-title{padding:0;margin:0;line-height:1}.elementor-widget-heading .elementor-heading-title[class*=elementor-size-]>a{color:inherit;font-size:inherit;line-height:inherit}.elementor-widget-heading .elementor-heading-title.elementor-size-small{font-size:15px}.elementor-widget-heading .elementor-heading-title.elementor-size-medium{font-size:19px}.elementor-widget-heading .elementor-heading-title.elementor-size-large{font-size:29px}.elementor-widget-heading .elementor-heading-title.elementor-size-xl{font-size:39px}.elementor-widget-heading .elementor-heading-title.elementor-size-xxl{font-size:59px}<\/style><h4 class=\"elementor-heading-title elementor-size-default\">YL\u00c4-SAVON ROMANIT RY:N TOIMINTA\n\n<\/h4>\t\t<\/div>\n\t\t\t\t<\/div>\n\t\t\t\t<div class=\"elementor-element elementor-element-0d78433 elementor-widget elementor-widget-text-editor\" data-id=\"0d78433\" data-element_type=\"widget\" data-widget_type=\"text-editor.default\">\n\t\t\t\t<div class=\"elementor-widget-container\">\n\t\t\t<style>\/*! elementor - v3.15.0 - 20-08-2023 *\/\n.elementor-widget-text-editor.elementor-drop-cap-view-stacked .elementor-drop-cap{background-color:#69727d;color:#fff}.elementor-widget-text-editor.elementor-drop-cap-view-framed .elementor-drop-cap{color:#69727d;border:3px solid;background-color:transparent}.elementor-widget-text-editor:not(.elementor-drop-cap-view-default) .elementor-drop-cap{margin-top:8px}.elementor-widget-text-editor:not(.elementor-drop-cap-view-default) .elementor-drop-cap-letter{width:1em;height:1em}.elementor-widget-text-editor .elementor-drop-cap{float:left;text-align:center;line-height:1;font-size:50px}.elementor-widget-text-editor .elementor-drop-cap-letter{display:inline-block}<\/style>\t\t\t\t<p><span style=\"color: #000000;\">Yl\u00e4-Savon romanit ry on toiminut aktiivisesti vuodesta 2014 Yl\u00e4-Savolaisten romanien parhaaksi. Lis\u00e4ksi j\u00e4rjest\u00f6n toiminnan ytimess\u00e4 on romaniyhteis\u00f6n ja valtav\u00e4est\u00f6n integraation parantaminen esimerkiksi romanikulttuuriluentojen, viestinn\u00e4n ja yhteisty\u00f6n kautta.<\/span><\/p><p><span style=\"color: #000000;\">Olemme mukana alueemme seudullisessa romanity\u00f6ryhm\u00e4ss\u00e4 yhdess\u00e4 kuntien edustajien kanssa tekem\u00e4ss\u00e4 romanipoliittista ty\u00f6t\u00e4 ja vastaamassa sit\u00e4 kautta yhteis\u00f6n ja alueen tarpeisiin. Lis\u00e4ksi toimimme yhteisty\u00f6ss\u00e4 koulujen ja oppilaitosten kanssa edist\u00e4en romaninuorten koulunk\u00e4ynti\u00e4, ammatillista kouluttautumista sek\u00e4 ty\u00f6el\u00e4m\u00e4\u00e4n p\u00e4\u00e4sy\u00e4.<\/span><\/p>\t\t\t\t\t\t<\/div>\n\t\t\t\t<\/div>\n\t\t\t\t\t<\/div>\n\t\t<\/div>\n\t\t\t\t\t\t\t<\/div>\n\t\t<\/section>\n\t\t\t\t<section class=\"elementor-section elementor-top-section elementor-element elementor-element-gfsrbxa elementor-section-boxed elementor-section-height-default elementor-section-height-default\" data-id=\"gfsrbxa\" data-element_type=\"section\">\n\t\t\t\t\t\t<div class=\"elementor-container elementor-column-gap-default\">\n\t\t\t\t\t<div class=\"elementor-column elementor-col-50 elementor-top-column elementor-element elementor-element-15cfb90\" data-id=\"15cfb90\" data-element_type=\"column\">\n\t\t\t<div class=\"elementor-widget-wrap elementor-element-populated\">\n\t\t\t\t\t\t\t\t<div class=\"elementor-element elementor-element-a26d886 elementor-widget elementor-widget-image\" data-id=\"a26d886\" data-element_type=\"widget\" data-widget_type=\"image.default\">\n\t\t\t\t<div class=\"elementor-widget-container\">\n\t\t\t<style>\/*! elementor - v3.15.0 - 20-08-2023 *\/\n.elementor-widget-image{text-align:center}.elementor-widget-image a{display:inline-block}.elementor-widget-image a img[src$=\".svg\"]{width:48px}.elementor-widget-image img{vertical-align:middle;display:inline-block}<\/style>\t\t\t\t\t\t\t\t\t\t\t\t<img decoding=\"async\" loading=\"lazy\" width=\"1600\" height=\"900\" src=\"https:\/\/www.ysromanit.com\/wp-content\/uploads\/2016\/09\/IMG-20160915-WA0002.jpg\" class=\"attachment-full size-full wp-image-56\" alt=\"\" srcset=\"https:\/\/www.ysromanit.com\/wp-content\/uploads\/2016\/09\/IMG-20160915-WA0002.jpg 1600w, https:\/\/www.ysromanit.com\/wp-content\/uploads\/2016\/09\/IMG-20160915-WA0002-300x169.jpg 300w, https:\/\/www.ysromanit.com\/wp-content\/uploads\/2016\/09\/IMG-20160915-WA0002-768x432.jpg 768w, https:\/\/www.ysromanit.com\/wp-content\/uploads\/2016\/09\/IMG-20160915-WA0002-1024x576.jpg 1024w, https:\/\/www.ysromanit.com\/wp-content\/uploads\/2016\/09\/IMG-20160915-WA0002-2x1.jpg 2w\" sizes=\"(max-width: 1600px) 100vw, 1600px\" \/>\t\t\t\t\t\t\t\t\t\t\t\t\t\t\t<\/div>\n\t\t\t\t<\/div>\n\t\t\t\t\t<\/div>\n\t\t<\/div>\n\t\t\t\t<div class=\"elementor-column elementor-col-50 elementor-top-column elementor-element elementor-element-97c09ce\" data-id=\"97c09ce\" data-element_type=\"column\">\n\t\t\t<div class=\"elementor-widget-wrap elementor-element-populated\">\n\t\t\t\t\t\t\t\t<div class=\"elementor-element elementor-element-cfc6530 elementor-widget elementor-widget-heading\" data-id=\"cfc6530\" data-element_type=\"widget\" data-widget_type=\"heading.default\">\n\t\t\t\t<div class=\"elementor-widget-container\">\n\t\t\t<h4 class=\"elementor-heading-title elementor-size-default\">Kerhoillat<\/h4>\t\t<\/div>\n\t\t\t\t<\/div>\n\t\t\t\t<div class=\"elementor-element elementor-element-f06fcd5 elementor-widget elementor-widget-text-editor\" data-id=\"f06fcd5\" data-element_type=\"widget\" data-widget_type=\"text-editor.default\">\n\t\t\t\t<div class=\"elementor-widget-container\">\n\t\t\t\t\t\t\t<p><span style=\"color: #000000;\">Romaniv\u00e4est\u00f6n keskuudessa t\u00e4rkeimpi\u00e4 ty\u00f6muotoja on yhteis\u00f6lliset kerhoillat, jotka ovat vuosien saatossa juurtuneet alueen romaniv\u00e4est\u00f6n keskuudessa t\u00e4rke\u00e4ksi viikoittaiseksi kohtaamispaikaksi, jossa eri-ik\u00e4iset romanit yhdess\u00e4 viett\u00e4v\u00e4t iltaa yhdess\u00e4olon, kahvittelun ja usein ennalta sovittujen aiheiden parissa. Illoissa k\u00e4y vierailijoita mm. seurakunnista, j\u00e4rjest\u00f6ist\u00e4, ty\u00f6llisyyspalveluista tai oppilaitoksista. Illat ovat muodostuneet t\u00e4rke\u00e4ksi ja voimaannuttavaksi osaksi Yl\u00e4-Savolaisten romanien arkea, vahvistaen yhteis\u00f6llisyytt\u00e4 ja osallisuutta.<\/span><\/p>\t\t\t\t\t\t<\/div>\n\t\t\t\t<\/div>\n\t\t\t\t\t<\/div>\n\t\t<\/div>\n\t\t\t\t\t\t\t<\/div>\n\t\t<\/section>\n\t\t\t\t<section class=\"elementor-section elementor-top-section elementor-element elementor-element-3e1c003 elementor-section-boxed elementor-section-height-default elementor-section-height-default\" data-id=\"3e1c003\" data-element_type=\"section\">\n\t\t\t\t\t\t<div class=\"elementor-container elementor-column-gap-default\">\n\t\t\t\t\t<div class=\"elementor-column elementor-col-50 elementor-top-column elementor-element elementor-element-da3025a\" data-id=\"da3025a\" data-element_type=\"column\">\n\t\t\t<div class=\"elementor-widget-wrap elementor-element-populated\">\n\t\t\t\t\t\t\t\t<div class=\"elementor-element elementor-element-f5e5ac5 elementor-widget elementor-widget-spacer\" data-id=\"f5e5ac5\" data-element_type=\"widget\" data-widget_type=\"spacer.default\">\n\t\t\t\t<div class=\"elementor-widget-container\">\n\t\t\t\t\t<div class=\"elementor-spacer\">\n\t\t\t<div class=\"elementor-spacer-inner\"><\/div>\n\t\t<\/div>\n\t\t\t\t<\/div>\n\t\t\t\t<\/div>\n\t\t\t\t<div class=\"elementor-element elementor-element-228a8d8 elementor-widget elementor-widget-image\" data-id=\"228a8d8\" data-element_type=\"widget\" data-widget_type=\"image.default\">\n\t\t\t\t<div class=\"elementor-widget-container\">\n\t\t\t\t\t\t\t\t\t\t\t\t\t\t\t<img decoding=\"async\" loading=\"lazy\" width=\"3005\" height=\"1075\" src=\"https:\/\/www.ysromanit.com\/wp-content\/uploads\/2024\/04\/DOEA_INT_PROUD-TO-DELIVER_TRANSPARENT.png\" class=\"attachment-full size-full wp-image-815\" alt=\"\" srcset=\"https:\/\/www.ysromanit.com\/wp-content\/uploads\/2024\/04\/DOEA_INT_PROUD-TO-DELIVER_TRANSPARENT.png 3005w, https:\/\/www.ysromanit.com\/wp-content\/uploads\/2024\/04\/DOEA_INT_PROUD-TO-DELIVER_TRANSPARENT-300x107.png 300w, https:\/\/www.ysromanit.com\/wp-content\/uploads\/2024\/04\/DOEA_INT_PROUD-TO-DELIVER_TRANSPARENT-1024x366.png 1024w, https:\/\/www.ysromanit.com\/wp-content\/uploads\/2024\/04\/DOEA_INT_PROUD-TO-DELIVER_TRANSPARENT-768x275.png 768w, https:\/\/www.ysromanit.com\/wp-content\/uploads\/2024\/04\/DOEA_INT_PROUD-TO-DELIVER_TRANSPARENT-1536x549.png 1536w, https:\/\/www.ysromanit.com\/wp-content\/uploads\/2024\/04\/DOEA_INT_PROUD-TO-DELIVER_TRANSPARENT-2048x733.png 2048w\" sizes=\"(max-width: 3005px) 100vw, 3005px\" \/>\t\t\t\t\t\t\t\t\t\t\t\t\t\t\t<\/div>\n\t\t\t\t<\/div>\n\t\t\t\t\t<\/div>\n\t\t<\/div>\n\t\t\t\t<div class=\"elementor-column elementor-col-50 elementor-top-column elementor-element elementor-element-7f10cf0\" data-id=\"7f10cf0\" data-element_type=\"column\">\n\t\t\t<div class=\"elementor-widget-wrap elementor-element-populated\">\n\t\t\t\t\t\t\t\t<div class=\"elementor-element elementor-element-3d4ea0c elementor-widget elementor-widget-heading\" data-id=\"3d4ea0c\" data-element_type=\"widget\" data-widget_type=\"heading.default\">\n\t\t\t\t<div class=\"elementor-widget-container\">\n\t\t\t<h4 class=\"elementor-heading-title elementor-size-default\">DofE -toiminta<\/h4>\t\t<\/div>\n\t\t\t\t<\/div>\n\t\t\t\t<div class=\"elementor-element elementor-element-1ed476b elementor-widget elementor-widget-text-editor\" data-id=\"1ed476b\" data-element_type=\"widget\" data-widget_type=\"text-editor.default\">\n\t\t\t\t<div class=\"elementor-widget-container\">\n\t\t\t\t\t\t\t<p><span style=\"color: #000000;\">Uutena toimintana olemme aloittaneet Dofe-nuortentoiminnan. Dofe on kansainv\u00e4linen nuorisoty\u00f6n ohjelma, jossa nuoria erityisesti haastetaan toiminnan kautta mukaan liikkumaan, yhteis\u00f6llisyyteen ja vastuullisuuteen. Nuoret ovat innokkaasti l\u00e4hteneet toimintaa toteuttamaan j\u00e4rjest\u00f6mme oman Dofe-ohjaajan Leif L\u00e5ngstr\u00f6min johdolla.<\/span><\/p>\t\t\t\t\t\t<\/div>\n\t\t\t\t<\/div>\n\t\t\t\t\t<\/div>\n\t\t<\/div>\n\t\t\t\t\t\t\t<\/div>\n\t\t<\/section>\n\t\t\t\t<section class=\"elementor-section elementor-top-section elementor-element elementor-element-a92a3fc elementor-section-boxed elementor-section-height-default elementor-section-height-default\" data-id=\"a92a3fc\" data-element_type=\"section\">\n\t\t\t\t\t\t<div class=\"elementor-container elementor-column-gap-default\">\n\t\t\t\t\t<div class=\"elementor-column elementor-col-100 elementor-top-column elementor-element elementor-element-4a1b49d\" data-id=\"4a1b49d\" data-element_type=\"column\">\n\t\t\t<div class=\"elementor-widget-wrap elementor-element-populated\">\n\t\t\t\t\t\t\t\t<div class=\"elementor-element elementor-element-1f3a668 elementor-widget elementor-widget-spacer\" data-id=\"1f3a668\" data-element_type=\"widget\" data-widget_type=\"spacer.default\">\n\t\t\t\t<div class=\"elementor-widget-container\">\n\t\t\t\t\t<div class=\"elementor-spacer\">\n\t\t\t<div class=\"elementor-spacer-inner\"><\/div>\n\t\t<\/div>\n\t\t\t\t<\/div>\n\t\t\t\t<\/div>\n\t\t\t\t\t<\/div>\n\t\t<\/div>\n\t\t\t\t\t\t\t<\/div>\n\t\t<\/section>\n\t\t\t\t\t\t\t<\/div>\n\t\t","protected":false},"excerpt":{"rendered":"<p>YL\u00c4-SAVON ROMANIT RY:N TOIMINTA Yl\u00e4-Savon romanit ry on toiminut aktiivisesti vuodesta 2014 Yl\u00e4-Savolaisten romanien parhaaksi. Lis\u00e4ksi j\u00e4rjest\u00f6n toiminnan ytimess\u00e4 on romaniyhteis\u00f6n ja valtav\u00e4est\u00f6n integraation parantaminen esimerkiksi romanikulttuuriluentojen, viestinn\u00e4n ja yhteisty\u00f6n kautta. Olemme mukana alueemme seudullisessa romanity\u00f6ryhm\u00e4ss\u00e4 yhdess\u00e4 kuntien edustajien kanssa tekem\u00e4ss\u00e4 romanipoliittista ty\u00f6t\u00e4 ja vastaamassa sit\u00e4 kautta yhteis\u00f6n ja alueen tarpeisiin. Lis\u00e4ksi toimimme yhteisty\u00f6ss\u00e4 koulujen &hellip;<\/p>\n<p class=\"read-more\"> <a class=\"\" href=\"https:\/\/www.ysromanit.com\/index.php\/toiminta-2\/\"> <span class=\"screen-reader-text\">TOIMINTA<\/span> Lue lis\u00e4\u00e4 &raquo;<\/a><\/p>\n","protected":false},"author":1,"featured_media":0,"parent":0,"menu_order":0,"comment_status":"closed","ping_status":"closed","template":"","meta":{"site-sidebar-layout":"no-sidebar","site-content-layout":"","ast-site-content-layout":"full-width-container","site-content-style":"default","site-sidebar-style":"default","ast-global-header-display":"","ast-banner-title-visibility":"","ast-main-header-display":"","ast-hfb-above-header-display":"","ast-hfb-below-header-display":"","ast-hfb-mobile-header-display":"","site-post-title":"disabled","ast-breadcrumbs-content":"","ast-featured-img":"disabled","footer-sml-layout":"","theme-transparent-header-meta":"","adv-header-id-meta":"","stick-header-meta":"","header-above-stick-meta":"","header-main-stick-meta":"","header-below-stick-meta":"","astra-migrate-meta-layouts":"","footnotes":""},"_links":{"self":[{"href":"https:\/\/www.ysromanit.com\/index.php\/wp-json\/wp\/v2\/pages\/354"}],"collection":[{"href":"https:\/\/www.ysromanit.com\/index.php\/wp-json\/wp\/v2\/pages"}],"about":[{"href":"https:\/\/www.ysromanit.com\/index.php\/wp-json\/wp\/v2\/types\/page"}],"author":[{"embeddable":true,"href":"https:\/\/www.ysromanit.com\/index.php\/wp-json\/wp\/v2\/users\/1"}],"replies":[{"embeddable":true,"href":"https:\/\/www.ysromanit.com\/index.php\/wp-json\/wp\/v2\/comments?post=354"}],"version-history":[{"count":34,"href":"https:\/\/www.ysromanit.com\/index.php\/wp-json\/wp\/v2\/pages\/354\/revisions"}],"predecessor-version":[{"id":818,"href":"https:\/\/www.ysromanit.com\/index.php\/wp-json\/wp\/v2\/pages\/354\/revisions\/818"}],"wp:attachment":[{"href":"https:\/\/www.ysromanit.com\/index.php\/wp-json\/wp\/v2\/media?parent=354"}],"curies":[{"name":"wp","href":"https:\/\/api.w.org\/{rel}","templated":true}]}}