{"id":425,"date":"2023-09-27T15:18:39","date_gmt":"2023-09-27T13:18:39","guid":{"rendered":"http:\/\/www.ysromanit.com\/?page_id=425"},"modified":"2023-11-21T12:17:54","modified_gmt":"2023-11-21T10:17:54","slug":"saannot","status":"publish","type":"page","link":"https:\/\/www.ysromanit.com\/index.php\/saannot\/","title":{"rendered":"S\u00e4\u00e4nn\u00f6t"},"content":{"rendered":"\t\t<div data-elementor-type=\"wp-page\" data-elementor-id=\"425\" class=\"elementor elementor-425\">\n\t\t\t\t\t\t\t\t\t<section class=\"elementor-section elementor-top-section elementor-element elementor-element-bf7m396 elementor-section-height-min-height elementor-section-boxed elementor-section-height-default elementor-section-items-middle\" data-id=\"bf7m396\" data-element_type=\"section\" data-settings=\"{&quot;background_background&quot;:&quot;classic&quot;}\">\n\t\t\t\t\t\t\t<div class=\"elementor-background-overlay\"><\/div>\n\t\t\t\t\t\t\t<div class=\"elementor-container elementor-column-gap-default\">\n\t\t\t\t\t<div class=\"elementor-column elementor-col-100 elementor-top-column elementor-element elementor-element-6a5337e\" data-id=\"6a5337e\" data-element_type=\"column\">\n\t\t\t<div class=\"elementor-widget-wrap\">\n\t\t\t\t\t\t\t\t\t<\/div>\n\t\t<\/div>\n\t\t\t\t\t\t\t<\/div>\n\t\t<\/section>\n\t\t\t\t<section class=\"elementor-section elementor-top-section elementor-element elementor-element-7807284 elementor-section-boxed elementor-section-height-default elementor-section-height-default\" data-id=\"7807284\" data-element_type=\"section\">\n\t\t\t\t\t\t<div class=\"elementor-container elementor-column-gap-default\">\n\t\t\t\t\t<div class=\"elementor-column elementor-col-100 elementor-top-column elementor-element elementor-element-1fd6b71\" data-id=\"1fd6b71\" data-element_type=\"column\">\n\t\t\t<div class=\"elementor-widget-wrap elementor-element-populated\">\n\t\t\t\t\t\t\t\t<div class=\"elementor-element elementor-element-4b7abd7 elementor-widget elementor-widget-spacer\" data-id=\"4b7abd7\" data-element_type=\"widget\" data-widget_type=\"spacer.default\">\n\t\t\t\t<div class=\"elementor-widget-container\">\n\t\t\t<style>\/*! elementor - v3.15.0 - 20-08-2023 *\/\n.elementor-column .elementor-spacer-inner{height:var(--spacer-size)}.e-con{--container-widget-width:100%}.e-con-inner>.elementor-widget-spacer,.e-con>.elementor-widget-spacer{width:var(--container-widget-width,var(--spacer-size));--align-self:var(--container-widget-align-self,initial);--flex-shrink:0}.e-con-inner>.elementor-widget-spacer>.elementor-widget-container,.e-con-inner>.elementor-widget-spacer>.elementor-widget-container>.elementor-spacer,.e-con>.elementor-widget-spacer>.elementor-widget-container,.e-con>.elementor-widget-spacer>.elementor-widget-container>.elementor-spacer{height:100%}.e-con-inner>.elementor-widget-spacer>.elementor-widget-container>.elementor-spacer>.elementor-spacer-inner,.e-con>.elementor-widget-spacer>.elementor-widget-container>.elementor-spacer>.elementor-spacer-inner{height:var(--container-widget-height,var(--spacer-size))}<\/style>\t\t<div class=\"elementor-spacer\">\n\t\t\t<div class=\"elementor-spacer-inner\"><\/div>\n\t\t<\/div>\n\t\t\t\t<\/div>\n\t\t\t\t<\/div>\n\t\t\t\t<div class=\"elementor-element elementor-element-1523388 elementor-widget elementor-widget-heading\" data-id=\"1523388\" data-element_type=\"widget\" data-widget_type=\"heading.default\">\n\t\t\t\t<div class=\"elementor-widget-container\">\n\t\t\t<style>\/*! elementor - v3.15.0 - 20-08-2023 *\/\n.elementor-heading-title{padding:0;margin:0;line-height:1}.elementor-widget-heading .elementor-heading-title[class*=elementor-size-]>a{color:inherit;font-size:inherit;line-height:inherit}.elementor-widget-heading .elementor-heading-title.elementor-size-small{font-size:15px}.elementor-widget-heading .elementor-heading-title.elementor-size-medium{font-size:19px}.elementor-widget-heading .elementor-heading-title.elementor-size-large{font-size:29px}.elementor-widget-heading .elementor-heading-title.elementor-size-xl{font-size:39px}.elementor-widget-heading .elementor-heading-title.elementor-size-xxl{font-size:59px}<\/style><h2 class=\"elementor-heading-title elementor-size-default\">S\u00c4\u00c4NN\u00d6T<\/h2>\t\t<\/div>\n\t\t\t\t<\/div>\n\t\t\t\t<div class=\"elementor-element elementor-element-75ac0f0 elementor-widget elementor-widget-spacer\" data-id=\"75ac0f0\" data-element_type=\"widget\" data-widget_type=\"spacer.default\">\n\t\t\t\t<div class=\"elementor-widget-container\">\n\t\t\t\t\t<div class=\"elementor-spacer\">\n\t\t\t<div class=\"elementor-spacer-inner\"><\/div>\n\t\t<\/div>\n\t\t\t\t<\/div>\n\t\t\t\t<\/div>\n\t\t\t\t\t<\/div>\n\t\t<\/div>\n\t\t\t\t\t\t\t<\/div>\n\t\t<\/section>\n\t\t\t\t<section class=\"elementor-section elementor-top-section elementor-element elementor-element-00b2fe0 elementor-section-boxed elementor-section-height-default elementor-section-height-default\" data-id=\"00b2fe0\" data-element_type=\"section\">\n\t\t\t\t\t\t<div class=\"elementor-container elementor-column-gap-default\">\n\t\t\t\t\t<div class=\"elementor-column elementor-col-100 elementor-top-column elementor-element elementor-element-8b3a20b\" data-id=\"8b3a20b\" data-element_type=\"column\">\n\t\t\t<div class=\"elementor-widget-wrap elementor-element-populated\">\n\t\t\t\t\t\t\t\t<div class=\"elementor-element elementor-element-23beff9 elementor-widget elementor-widget-text-editor\" data-id=\"23beff9\" data-element_type=\"widget\" data-widget_type=\"text-editor.default\">\n\t\t\t\t<div class=\"elementor-widget-container\">\n\t\t\t<style>\/*! elementor - v3.15.0 - 20-08-2023 *\/\n.elementor-widget-text-editor.elementor-drop-cap-view-stacked .elementor-drop-cap{background-color:#69727d;color:#fff}.elementor-widget-text-editor.elementor-drop-cap-view-framed .elementor-drop-cap{color:#69727d;border:3px solid;background-color:transparent}.elementor-widget-text-editor:not(.elementor-drop-cap-view-default) .elementor-drop-cap{margin-top:8px}.elementor-widget-text-editor:not(.elementor-drop-cap-view-default) .elementor-drop-cap-letter{width:1em;height:1em}.elementor-widget-text-editor .elementor-drop-cap{float:left;text-align:center;line-height:1;font-size:50px}.elementor-widget-text-editor .elementor-drop-cap-letter{display:inline-block}<\/style>\t\t\t\t<h5>1\u00a7 YHDISTYKSEN NIMI<\/h5><p>Yl\u00e4-Savon Romanit ry<\/p><h5>2\u00a7 YHDISTYKSEN KOTIPAIKKA<\/h5><p>Yhdistyksen kotipaikkakuntana toimii Iisalmen kaupunki. Toimialueena Yl\u00e4-Savo. 3\u00a7 YHDISTYKSEN TARKOITUS JA TOIMINNAN LAATU<\/p><p>Yhdistyksen tarkoituksena on romanitaustaisten henkil\u00f6iden el\u00e4m\u00e4nlaadun parantaminen, romanikulttuurin ja suomalaisromani-identiteetin vahvistaminen sek\u00e4 romanien yhteiskunnallisen aseman ja osallistumisen kohentaminen. Yhdistys auttaa integroitumaan eli l\u00f6yt\u00e4m\u00e4\u00e4n oman paikkansa yhteiskunnassa ja pyrkii ehk\u00e4isem\u00e4\u00e4n ja v\u00e4hent\u00e4m\u00e4\u00e4n romaninuorten ja lasten syrj\u00e4ytymist\u00e4. Lis\u00e4ksi yhdistys rakentaa vuorovaikutukseen ja yhteisty\u00f6h\u00f6n pyrkivi\u00e4 kontakteja p\u00e4\u00e4v\u00e4est\u00f6n ja romanien kesken paikallisella, valtakunnallisella sek\u00e4 my\u00f6s kansainv\u00e4lisell\u00e4 tasolla.<\/p><h5>TARKOITUKSENSA TOTEUTTAMISEKSI YHDISTYS<\/h5><ul><li>Neuvoo, ohjaa ja tukee romanilapsia sek\u00e4 nuoria perusopetuksen kautta ammattiin johtavaan koulutukseen ja sit\u00e4 kautta ty\u00f6llistymiseen. Erityinen painopiste tulee olemaan peruskoulun ja ammatillisen koulutuksen nivel-vaiheeseen vaikuttaminen.<\/li><li>Konsultoi ja kouluttaa viranomaisia ja romaneja erilaisista yhteisty\u00f6tilanteista selviytymiseksi ja molemminpuolisen kulttuurituntemuksen lis\u00e4\u00e4miseksi,<\/li><li>Tuottaa tiedotus- ja opetusmateriaalia romanikulttuurin erityispiirteiden tuntemiseksi<\/li><li>J\u00e4rjest\u00e4\u00e4 romanien kesken ja yhdess\u00e4 valtav\u00e4est\u00f6n kanssa esitelm\u00e4-, keskustelu-, tiedotus- ja muita samantapaisia tilaisuuksia.<\/li><li>Toteuttaa romanilapsille ja nuorille kulttuuria tukevaa opetusta romanikielen ja kulttuurin opetusta.<\/li><li>J\u00e4rjest\u00e4\u00e4 lasten ja nuortenleirej\u00e4 sek\u00e4 my\u00f6s kaikenik\u00e4isille suunnattua leiritoimintaa<\/li><li>Tukee vanhemmuutta j\u00e4rjest\u00e4m\u00e4ll\u00e4 keskustelu- ja koulutustilaisuuksia<\/li><li>Luo tukiverkostoja romanilapsille, nuorille ja perheille<\/li><li>Tekee ennaltaehk\u00e4isev\u00e4\u00e4 huume- ja p\u00e4ihdevalistusty\u00f6t\u00e4<\/li><li>J\u00e4rjest\u00e4\u00e4 urheilu, musiikki, kulttuuri- ja muuta samantapaista harrastetoimintaa<\/li><li>J\u00e4rjest\u00e4\u00e4 tukihenkil\u00f6koulutusta romaneille<\/li><li>J\u00e4rjest\u00e4\u00e4 monikulttuurista tiedottamista<\/li><li>Tekee asennemuutosty\u00f6t\u00e4 romanien ja p\u00e4\u00e4v\u00e4est\u00f6n keskuudessa tiedotus- ja valistustoiminnalla<\/li><li>Rakentaa Suomessa ja Euroopassa yhteisty\u00f6verkostoa romanien ja p\u00e4\u00e4v\u00e4est\u00f6n kesken<\/li><li>Auttaa mahdollisuuksien mukaan heikossa sosiaalisessa ja taloudellisessa asemassa olevia Euroopan romaneita harjoittamalla humanit\u00e4\u00e4rist\u00e4 Erityisen\u00e4 painopisteen\u00e4 heikossa asemassa olevat lapsiperheet sek\u00e4 nuoret. Toimintansa tukemiseksi yhdistys voi<\/li><\/ul><ul><li>ottaa vastaan lahjoituksia ja testamentteja<\/li><li>omistaa ja hallita toimintaansa varten tarpeellista kiinte\u00e4\u00e4 ja irtainta omaisuutta<\/li><li>toimeenpanna asianmukaisen luvan saatuaan arpajaisia ja rahanker\u00e4yksi\u00e4<\/li><li>J\u00e4rjest\u00e4\u00e4 maksullisia konsertteja, musiikkitilaisuuksia sek\u00e4 huvi- ja juhlatilaisuuksia<\/li><\/ul><h5>4\u00a7 J\u00c4SENET<\/h5><p>Yhdistyksen varsinaiseksi j\u00e4seneksi voi liitty\u00e4 jokainen yli 15-vuotias, joka hyv\u00e4ksyy yhdistyksen tarkoituksen ja s\u00e4\u00e4nn\u00f6t. J\u00e4senen oletetaan toimivan siten, ett\u00e4 toiminta on esimerkillist\u00e4, oikeudenmukaista, laillista ja romanien asiaa eteenp\u00e4in viev\u00e4\u00e4.<\/p><p>Uudet j\u00e4senet hyv\u00e4ksyy yhdistyksen hallitus<\/p><p>Yhdistyksen kannatusj\u00e4seneksi voi liitty\u00e4 yksityinen henkil\u00f6 tai oikeuskelpoinen yhteis\u00f6, joka haluaa tukea yhdistyksen toimintaa. Kannatusj\u00e4senill\u00e4 ei ole \u00e4\u00e4nioikeutta<\/p><p>Kunniaj\u00e4seneksi voi yhdistyksen kokous hallituksen ehdotuksesta kutsua henkil\u00f6n, joka on pitk\u00e4aikaisella ja merkitt\u00e4v\u00e4ll\u00e4 tavalla toiminut yhdistyksen p\u00e4\u00e4m\u00e4\u00e4rien hyv\u00e4ksi. Mik\u00e4li kunniaj\u00e4seneksi kutsutaan yhdistyksen \u00e4\u00e4nivaltainen j\u00e4sen, h\u00e4n s\u00e4ilytt\u00e4\u00e4 \u00e4\u00e4nioikeutensa.<\/p><p>\u00c4\u00e4nioikeus on 15 vuotta t\u00e4ytt\u00e4neell\u00e4 yhdistyksen varsinaisella j\u00e4senell\u00e4 ja jokaisella \u00e4\u00e4nioikeutetulla on yksi \u00e4\u00e4ni.<\/p><h5>5\u00a7 J\u00c4SENEN EROAMINEN JA EROTTAMINEN<\/h5><p>J\u00e4senell\u00e4 on oikeus erota yhdistyksest\u00e4 ilmoittamalla siit\u00e4 kirjallisesti hallitukselle, tai sen puheenjohtajalle taikka ilmoittamalla erosta yhdistyksen kokouksessa p\u00f6yt\u00e4kirjaan merkitt\u00e4v\u00e4ksi.<\/p><p>Yhdistyksen hallituksella on oikeus erottaa j\u00e4sen, mik\u00e4li j\u00e4sen toimii vastoin yhdistyksen toimintaperiaatteita, tai vaikeuttaa yhdistyksen tarkoituksen toteutumista. J\u00e4sen liittyess\u00e4\u00e4n yhdistykseen sitoutuu noudattamaan kaikessa toiminnassaan yhdistyksen s\u00e4\u00e4nt\u00f6j\u00e4 ja toimimaan siten, ett\u00e4 yhdistyksen tarkoitus toteutuisi parhaalla mahdollisella tavalla.<\/p><h5>6\u00a7 J\u00c4SENMAKSU<\/h5><p>Varsinaisilta &#8211; ja kannatusj\u00e4senilt\u00e4 peritt\u00e4v\u00e4n vuotuisen j\u00e4senmaksun suuruudesta p\u00e4\u00e4tt\u00e4\u00e4 vuosikokous erikseen kummallekin j\u00e4senryhm\u00e4lle.<\/p><h5>7\u00a7 HALLITUS<\/h5><p>Yhdistyksen asioita hoitaa hallitus, johon kuuluu vuosikokouksessa valitut puheenjohtaja ja 5 muuta j\u00e4sent\u00e4 sek\u00e4 kaksi varaj\u00e4sent\u00e4.<\/p><p>Hallituksen puheenjohtajan ja muiden j\u00e4senten toimikausi on kaksi vuotta<\/p><p>Hallitus valitsee keskuudestaan varapuheenjohtajan sek\u00e4 ottaa keskuudestaan tai ulkopuoleltaan sihteerin, rahastonhoitajan ja muut tarvittavat toimihenkil\u00f6t.<\/p><p>Hallitus kokoontuu puheenjohtajan tai h\u00e4nen estyneen\u00e4 ollessaan varapuheenjohtajan kutsusta, kun he katsovat siihen olevan aihetta tai kun v\u00e4hint\u00e4\u00e4n puolet hallituksen j\u00e4senist\u00e4 sit\u00e4 kirjallisesti vaatii.<\/p><p>Hallitus on p\u00e4\u00e4t\u00f6svaltainen, kun v\u00e4hint\u00e4\u00e4n puolet sen j\u00e4senist\u00e4, puheenjohtaja tai varapuheenjohtaja mukaan luettuna on l\u00e4sn\u00e4.<\/p><p>\u00c4\u00e4nestykset ratkaistaan yksinkertaisella \u00e4\u00e4nten enemmist\u00f6ll\u00e4. \u00c4\u00e4nten menness\u00e4 tasan ratkaisee puheenjohtajan \u00e4\u00e4ni, vaaleissa kuitenkin arpa.<\/p><h5>8\u00a7 YHDISTYKSEN NIMEN KIRJOITTAMINEN<\/h5><p>Yhdistyksen nimen kirjoittaa hallituksen puheenjohtaja tai varapuheenjohtaja yksin. Hallitus voi m\u00e4\u00e4r\u00e4t\u00e4 toimihenkil\u00f6n kirjoittamaan yhdistyksen nimen yksin.<\/p><h5>9\u00a7 TILIKAUSI JA TILINTARKASTUS<\/h5><p>Yhdistyksen tilikausi on kalenterivuosi.<\/p><p>Tilinp\u00e4\u00e4t\u00f6s tarvittavine asiakirjoineen ja hallituksen vuosikertomus on annettava toiminnantarkastajille viimeist\u00e4\u00e4n kolme viikkoa ennen vuosikokousta.Toiminnantarkastajien tulee antaa kirjallinen lausuntonsa viimeist\u00e4\u00e4n kaksi viikkoa ennen vuosikokousta hallitukselle.<\/p><h5>10\u00a7 YHDISTYKSEN KOKOUKSET<\/h5><p>Yhdistyksen vuosikokous pidet\u00e4\u00e4n huhtikuun loppuun menness\u00e4.<\/p><p>Ylim\u00e4\u00e4r\u00e4inen kokous pidet\u00e4\u00e4n, kun yhdistyksen kokous niin p\u00e4\u00e4tt\u00e4\u00e4 tai kun hallitus katsoo siihen olevan aihetta tai kun v\u00e4hint\u00e4\u00e4n kymmenesosa (1\/10) yhdistyksen \u00e4\u00e4nioikeutetuista j\u00e4senist\u00e4 sit\u00e4 hallitukselta<\/p><p>erityisesti ilmoitettua asiaa varten kirjallisesti vaatii. Kokous on<\/p><p>pidett\u00e4v\u00e4 kolmenkymmenen vuorokauden kuluessa siit\u00e4, kun vaatimus sen pit\u00e4misest\u00e4 on esitetty hallitukselle.<\/p><p>Yhdistyksen kokouksen p\u00e4\u00e4t\u00f6kseksi tulee, ellei s\u00e4\u00e4nn\u00f6iss\u00e4 ole toisin m\u00e4\u00e4r\u00e4tty, se mielipide, jota on kannattanut yli puolet annetuista \u00e4\u00e4nist\u00e4. \u00c4\u00e4nestykset ratkaistaan yksinkertaisella \u00e4\u00e4nten enemmist\u00f6ll\u00e4. \u00c4\u00e4nten menness\u00e4 tasan ratkaisee kokouksen puheenjohtajan \u00e4\u00e4ni, vaaleissa kuitenkin arpa.<\/p><p>Hallituksen on kutsuttava yhdistyksen kokous koolle v\u00e4hint\u00e4\u00e4n<\/p><p>seitsem\u00e4n vuorokautta ennen kokousta j\u00e4senille kirjallisella kutsulla tai s\u00e4hk\u00f6postitse. 11\u00a7 VUOSIKOKOUS<\/p><p>Yhdistyksen vuosikokouksessa k\u00e4sitell\u00e4\u00e4n seuraavat asiat:<\/p><ol><li>kokouksen avaus<\/li><\/ol><ol start=\"2\"><li>valitaan kokouksen puheenjohtaja, sihteeri, kaksi p\u00f6yt\u00e4kirjantarkastajaa ja tarvittaessa kaksi \u00e4\u00e4ntenlaskijaa<\/li><\/ol><ol start=\"3\"><li>todetaan kokouksen laillisuus ja p\u00e4\u00e4t\u00f6svaltaisuus<\/li><\/ol><ol start=\"4\"><li>hyv\u00e4ksyt\u00e4\u00e4n kokouksen ty\u00f6j\u00e4rjestys<\/li><\/ol><ol start=\"5\"><li>esitet\u00e4\u00e4n tilinp\u00e4\u00e4t\u00f6s, vuosikertomus ja tilintarkastajien lausunto<\/li><\/ol><ol start=\"6\"><li>p\u00e4\u00e4tet\u00e4\u00e4n tilinp\u00e4\u00e4t\u00f6ksen vahvistamisesta ja vastuuvapauden my\u00f6nt\u00e4misest\u00e4 hallitukselle ja muille vastuuvelvollisille<\/li><\/ol><ol start=\"7\"><li>vahvistetaan toimintasuunnitelma, tulo- ja menoarvio sek\u00e4 j\u00e4senmaksujen suuruus<\/li><\/ol><ol start=\"8\"><li>valitaan hallituksen puheenjohtaja ja muut j\u00e4senet joka toinen vuosi<\/li><\/ol><ol start=\"9\"><li>valitaan yksi tai kaksi toiminnantarkastajaa ja heille varatoiminnantarkastajat<\/li><\/ol><ol start=\"10\"><li>k\u00e4sitell\u00e4\u00e4n muut kokouskutsussa mainitut<\/li><\/ol><p>Mik\u00e4li yhdistyksen j\u00e4sen haluaa saada jonkin asian yhdistyksen vuosikokouksen k\u00e4sitelt\u00e4v\u00e4ksi, on h\u00e4nen ilmoitettava siit\u00e4 kirjallisesti hallitukselle niin hyviss\u00e4 ajoin, ett\u00e4 asia voidaan sis\u00e4llytt\u00e4\u00e4 kokouskutsuun.<\/p><h5>12\u00a7 S\u00c4\u00c4NT\u00d6JEN MUUTTAMINEN JA YHDISTYKSEN PURKAMINEN<\/h5><p>P\u00e4\u00e4t\u00f6s s\u00e4\u00e4nt\u00f6jen muuttamisesta ja yhdistyksen purkamisesta on teht\u00e4v\u00e4 yhdistyksen kokouksessa v\u00e4hint\u00e4\u00e4n kolmen nelj\u00e4sosan (3\/4) enemmist\u00f6ll\u00e4 annetuista \u00e4\u00e4nist\u00e4.<\/p><p>Kokouskutsussa on mainittava s\u00e4\u00e4nt\u00f6jen muuttamisesta tai yhdistyksen purkamisesta.<\/p><p>Yhdistyksen purkautuessa k\u00e4ytet\u00e4\u00e4n yhdistyksen varat yhdistyksen tarkoituksen edist\u00e4miseen purkamisesta p\u00e4\u00e4tt\u00e4v\u00e4n kokouksen m\u00e4\u00e4r\u00e4\u00e4m\u00e4ll\u00e4 tavalla, tai tarkoitusta varten perustettavan s\u00e4\u00e4ti\u00f6n kautta jaettavaksi stipendein\u00e4, apurahoina kohdistettavaksi ensisijaisesti<\/p><p>romaninuorille koulutuksen tukemiseen tms. vastaavaan toimintaan. Edell\u00e4 mainittu koskee my\u00f6s tilannetta jossa yhdistys lakkautetaan.<\/p>\t\t\t\t\t\t<\/div>\n\t\t\t\t<\/div>\n\t\t\t\t<div class=\"elementor-element elementor-element-9fdb291 elementor-widget elementor-widget-image\" data-id=\"9fdb291\" data-element_type=\"widget\" data-widget_type=\"image.default\">\n\t\t\t\t<div class=\"elementor-widget-container\">\n\t\t\t<style>\/*! elementor - v3.15.0 - 20-08-2023 *\/\n.elementor-widget-image{text-align:center}.elementor-widget-image a{display:inline-block}.elementor-widget-image a img[src$=\".svg\"]{width:48px}.elementor-widget-image img{vertical-align:middle;display:inline-block}<\/style>\t\t\t\t\t\t\t\t\t\t\t\t<img decoding=\"async\" loading=\"lazy\" width=\"1920\" height=\"1440\" src=\"https:\/\/www.ysromanit.com\/wp-content\/uploads\/2023\/09\/hammer-802298_1920.jpg\" class=\"attachment-full size-full wp-image-479\" alt=\"\" srcset=\"https:\/\/www.ysromanit.com\/wp-content\/uploads\/2023\/09\/hammer-802298_1920.jpg 1920w, https:\/\/www.ysromanit.com\/wp-content\/uploads\/2023\/09\/hammer-802298_1920-300x225.jpg 300w, https:\/\/www.ysromanit.com\/wp-content\/uploads\/2023\/09\/hammer-802298_1920-1024x768.jpg 1024w, https:\/\/www.ysromanit.com\/wp-content\/uploads\/2023\/09\/hammer-802298_1920-768x576.jpg 768w, https:\/\/www.ysromanit.com\/wp-content\/uploads\/2023\/09\/hammer-802298_1920-1536x1152.jpg 1536w\" sizes=\"(max-width: 1920px) 100vw, 1920px\" \/>\t\t\t\t\t\t\t\t\t\t\t\t\t\t\t<\/div>\n\t\t\t\t<\/div>\n\t\t\t\t\t<\/div>\n\t\t<\/div>\n\t\t\t\t\t\t\t<\/div>\n\t\t<\/section>\n\t\t\t\t<section class=\"elementor-section elementor-top-section elementor-element elementor-element-7337299 elementor-section-boxed elementor-section-height-default elementor-section-height-default\" data-id=\"7337299\" data-element_type=\"section\">\n\t\t\t\t\t\t<div class=\"elementor-container elementor-column-gap-default\">\n\t\t\t\t\t<div class=\"elementor-column elementor-col-100 elementor-top-column elementor-element elementor-element-759de63\" data-id=\"759de63\" data-element_type=\"column\">\n\t\t\t<div class=\"elementor-widget-wrap elementor-element-populated\">\n\t\t\t\t\t\t\t\t<div class=\"elementor-element elementor-element-7a33d11 elementor-widget elementor-widget-spacer\" data-id=\"7a33d11\" data-element_type=\"widget\" data-widget_type=\"spacer.default\">\n\t\t\t\t<div class=\"elementor-widget-container\">\n\t\t\t\t\t<div class=\"elementor-spacer\">\n\t\t\t<div class=\"elementor-spacer-inner\"><\/div>\n\t\t<\/div>\n\t\t\t\t<\/div>\n\t\t\t\t<\/div>\n\t\t\t\t\t<\/div>\n\t\t<\/div>\n\t\t\t\t\t\t\t<\/div>\n\t\t<\/section>\n\t\t\t\t\t\t\t<\/div>\n\t\t","protected":false},"excerpt":{"rendered":"<p>S\u00c4\u00c4NN\u00d6T 1\u00a7 YHDISTYKSEN NIMI Yl\u00e4-Savon Romanit ry 2\u00a7 YHDISTYKSEN KOTIPAIKKA Yhdistyksen kotipaikkakuntana toimii Iisalmen kaupunki. Toimialueena Yl\u00e4-Savo. 3\u00a7 YHDISTYKSEN TARKOITUS JA TOIMINNAN LAATU Yhdistyksen tarkoituksena on romanitaustaisten henkil\u00f6iden el\u00e4m\u00e4nlaadun parantaminen, romanikulttuurin ja suomalaisromani-identiteetin vahvistaminen sek\u00e4 romanien yhteiskunnallisen aseman ja osallistumisen kohentaminen. Yhdistys auttaa integroitumaan eli l\u00f6yt\u00e4m\u00e4\u00e4n oman paikkansa yhteiskunnassa ja pyrkii ehk\u00e4isem\u00e4\u00e4n ja v\u00e4hent\u00e4m\u00e4\u00e4n romaninuorten &hellip;<\/p>\n<p class=\"read-more\"> <a class=\"\" href=\"https:\/\/www.ysromanit.com\/index.php\/saannot\/\"> <span class=\"screen-reader-text\">S\u00e4\u00e4nn\u00f6t<\/span> Lue lis\u00e4\u00e4 &raquo;<\/a><\/p>\n","protected":false},"author":1,"featured_media":0,"parent":0,"menu_order":0,"comment_status":"closed","ping_status":"closed","template":"","meta":{"site-sidebar-layout":"no-sidebar","site-content-layout":"","ast-site-content-layout":"full-width-container","site-content-style":"default","site-sidebar-style":"default","ast-global-header-display":"","ast-banner-title-visibility":"","ast-main-header-display":"","ast-hfb-above-header-display":"","ast-hfb-below-header-display":"","ast-hfb-mobile-header-display":"","site-post-title":"disabled","ast-breadcrumbs-content":"","ast-featured-img":"disabled","footer-sml-layout":"","theme-transparent-header-meta":"","adv-header-id-meta":"","stick-header-meta":"","header-above-stick-meta":"","header-main-stick-meta":"","header-below-stick-meta":"","astra-migrate-meta-layouts":"","footnotes":""},"_links":{"self":[{"href":"https:\/\/www.ysromanit.com\/index.php\/wp-json\/wp\/v2\/pages\/425"}],"collection":[{"href":"https:\/\/www.ysromanit.com\/index.php\/wp-json\/wp\/v2\/pages"}],"about":[{"href":"https:\/\/www.ysromanit.com\/index.php\/wp-json\/wp\/v2\/types\/page"}],"author":[{"embeddable":true,"href":"https:\/\/www.ysromanit.com\/index.php\/wp-json\/wp\/v2\/users\/1"}],"replies":[{"embeddable":true,"href":"https:\/\/www.ysromanit.com\/index.php\/wp-json\/wp\/v2\/comments?post=425"}],"version-history":[{"count":28,"href":"https:\/\/www.ysromanit.com\/index.php\/wp-json\/wp\/v2\/pages\/425\/revisions"}],"predecessor-version":[{"id":791,"href":"https:\/\/www.ysromanit.com\/index.php\/wp-json\/wp\/v2\/pages\/425\/revisions\/791"}],"wp:attachment":[{"href":"https:\/\/www.ysromanit.com\/index.php\/wp-json\/wp\/v2\/media?parent=425"}],"curies":[{"name":"wp","href":"https:\/\/api.w.org\/{rel}","templated":true}]}}